{"id":54,"date":"2016-06-23T11:08:47","date_gmt":"2016-06-23T09:08:47","guid":{"rendered":"http:\/\/www.marinoregini.it\/?page_id=54"},"modified":"2017-05-22T11:58:43","modified_gmt":"2017-05-22T09:58:43","slug":"saggi","status":"publish","type":"page","link":"http:\/\/www.marinoregini.it\/it\/saggi\/","title":{"rendered":"Saggi"},"content":{"rendered":"<p><\/p>\n<ul>\n<li>(forthcoming) &#8220;Trade Unions&#8221; in: E. Jones, G. Pasquino (eds.), The Oxford Handbook of Italian Politics, Oxford University Press<\/li>\n<li>2015 &#8220;Dalla scuola di \u00e9lite all&#8217;universit\u00e0 di massa&#8221;, in M. Dogliani, S. Scamuzzi (eds.), L&#8217;Italia dopo il 1961. La grande trasformazione, Bologna, Il Mulino<\/li>\n<li>2015 &#8220;Introduzione. Le norme e le prassi&#8221;, in G. Capano e M. Regini (eds.), Come cambia la governance: universit\u00e0 italiane ed europee a confronto, Roma, Fondazione CRUI (with G. Capano)<\/li>\n<li>2015 &#8220;I meccanismi e i processi decisionali effettivi&#8221;, in G. Capano e M. Regini (eds.), Come cambia la governance: universit\u00e0 italiane ed europee a confronto, Roma, Fondazione CRUI<\/li>\n<li>2014 &#8220;Coping with the crisis in Italy: Employment relations and social dialogue amid recession&#8221;, in K. Papadakis, Y. Ghellab (eds.), The governance of policy reforms in Southern Europe and Ireland, Geneva, ILO (with R. Pedersini)<\/li>\n<li>2014 &#8220;Regolazione, mercati del lavoro duali e specificit\u00e0 del modello sociale italiano&#8221;, in P. Barbieri, G. Fullin (eds.), Lavoro, istituzioni, diseguaglianze, Bologna, Il Mulino (with S. Colombo)<\/li>\n<li>2013 &#8220;Differenziazione e diversit\u00e0 in Europa&#8221;, in G. Capano, M. Meloni (eds.), Il costo dell&#8217;ignoranza. L&#8217;universit\u00e0 italiana e la sfida Europa 2020, Bologna, Il Mulino (with S. Colombo)<\/li>\n<li>2013 &#8220;Le condizioni di un patto sociale per la crescita&#8221;, in L. Bordogna, R. Pedersini, G. Provasi (eds.), Lavoro, mercato, istituzioni, Milano, Angeli<\/li>\n<li>2012 &#8220;A marketization of European universities? The role of external demand and internal actors&#8221;, in U. Schimank, U. Volkmann (eds.), The Marketization of Society: Economizing the Non-Economic, Welfare Societies, University of Bremen<\/li>\n<li>2011 &#8220;Italy: The Rise and Decline of Social Pacts&#8221;, in S. Avdagic, M. Rhodes, J. Visser (eds), Social Pacts in Europe: Emergence, Evolution and Institutionalization,\u00a0Oxford, Oxford University Press\u00a0(with S.Colombo)<\/li>\n<li>2011 &#8220;I modelli di organizzazione interna degli atenei: il quadro comparato&#8221;, in AIDLASS (a cura di), La riforma dell&#8217;Universit\u00e0 tra legge e statuti, Milano, Giuffr\u00e9<\/li>\n<li>2011 &#8220;Conclusioni: problemi comuni, risposte differenti&#8221;, in G. Capano e M. Regini (a cura di), Tra didattica e ricerca: quale assetto organizzativo per le Universit\u00e0 italiane? Le lezioni dell&#8217;analisi comparata, Roma, Fondazione CRUI (http:\/\/old.fondazionecrui.it\/fondazionecrui\/pubblicazione_tra_didattica_e_ricerca.pdf)<\/li>\n<li>2011 &#8220;Labor movement&#8221;, in B. Badie, D. Berg-Schlosser, L. Morlino (eds), International Encyclopedia of Political Science, Thousand Oaks (CA), Sage<\/li>\n<li>2010 &#8220;Conclusioni: dove vanno le universit\u00e0 europee e perch\u00e9&#8221;, in R. Moscati, M. Regini, M. Rostan (eds), Torri d&#8217;avorio in frantumi? Dove vanno le universit\u00e0 europee, Bologna, Il Mulino<\/li>\n<li>2010 &#8220;Il mutamento dei rapporti fra universit\u00e0 e sistema economico&#8221;, in R. Moscati, M. Regini, M. Rostan (eds), Torri d&#8217;avorio in frantumi? Dove vanno le universit\u00e0 europee, Bologna, Il Mulino (with G. Ballarino, S. Colombo, L. Perotti, R. Semenza)<\/li>\n<li>2009 &#8220;Ascesa e declino del modello sociale europeo&#8221;, in L. Sciolla (ed), Processi e trasformazioni sociali. La societ\u00e0 europea dagli anni Sessanta ad oggi, Roma-Bari, Laterza<\/li>\n<li>2009 &#8220;Introduzione&#8221; in M. Regini (ed), Malata e denigrata: l&#8217;universit\u00e0 italiana a confronto con l&#8217;Europa, Roma, Donzelli<\/li>\n<li>2008 Higher education and labour markets: looking for solutions to contrasting needs, OECD conference proceedings (<a href=\"http:\/\/www.oecd.org\/document\/61\/0,3343,en_21571361_41508887_41890301_1_1_1_1,00.html\">www.oecd.org\/document\/61\/0,3343,en_21571361_41508887_41890301_1_1_1_1,00.html<\/a>)<\/li>\n<li>2007 &#8220;Concertazione e relazioni industriali&#8221;, in G. Baglioni, D. Paparella (eds), Il futuro del sindacato. Complessit\u00e0 e innovazione, Roma, Edizioni Lavoro<\/li>\n<li>2007 &#8220;I fattori non economici nel funzionamento dell&#8217;economia&#8221;, in M. Regini (ed), La sociologia economica contemporanea, Roma-Bari, Laterza (con G.Ballarino)<\/li>\n<li>2007 &#8220;Associazioni degli interessi, regolazione del lavoro e sviluppo economico&#8221;, in M. Regini (ed), La sociologia economica contemporanea, Roma-Bari, Laterza<\/li>\n<li>2005: &#8220;Political Economy&#8221;, in J Beckert, M. Zafirovsky (eds), International Encyclopedia of Economic Sociology, London and New York, Routledge<\/li>\n<li>2005: &#8220;Trade Unions&#8221;, in J Beckert, M. Zafirovsky (eds), International Encyclopedia of Economic Sociology, London and New York, Routledge<\/li>\n<li>2004: &#8220;Collective bargaining and social pacts in Italy&#8221;, in H. Katz, W. Lee, J. Lee (eds.), The New Structure of Labor Relations: Tripartism and Decentralization, Ithaca, N.Y., Cornell University Press (with I.Regalia)<\/li>\n<li>2001: &#8220;Social pacts in the EC report on industrial relations in Europe?&#8221;, in M. Biagi (ed.), Towards a European Model of Industrial Relations?, Kluwer Law International;<\/li>\n<li>2001: &#8220;Introduzione&#8221;, in D. Checchi, P. Perulli, I. Regalia, M. Regini, E. Reyneri (a cura di), Lavoro e sindacato in Lombardia, Milano, Angeli;<\/li>\n<li>2001: &#8220;La flessibilit\u00e0 del lavoro pu\u00f2 servire al lavoro?&#8221;, in G.P. Cella, G. Provasi (eds.), Lavoro, sindacato e partecipazione. Scritti in onore di Guido Baglioni, Milano, Angeli;<\/li>\n<li>2001: &#8220;Discussant to Sindacato, concertazione, politica economica&#8221;, in A. Ninni, F. Silva, S. Vacc\u00e0 (eds.), Evoluzione del lavoro, crisi del sindacato e sviluppo del paese, Milano, Angeli;<\/li>\n<li>2000: &#8220;Italy. The prospects for Italian trade unions in a phase of concertation&#8221;, in J. Waddington, R. Hoffmann (eds.), Trade Unions in Europe. Facing Challenges and Searching for Solutions, Bruxelles, ETUI (with I.Regalia);<\/li>\n<li>2000: &#8220;The dilemmas of labour market regulation&#8221;, in: G.Esping-Andersen, M.Regini (eds.), Why De-Regulate Labour Markets?, Oxford, Oxford University Press;<\/li>\n<li>2000: &#8220;Dallo scambio politico ai nuovi patti sociali&#8221;, in: D.Della Porta, M. Greco, A. Szakolczai (eds.), Identit\u00e0, riconoscimento, scambio, Roma-Bari, Laterza;<\/li>\n<li>2000: &#8220;Trade Unions&#8221;, in Routledge Encyclopedia of Contemporary Italian Culture, London, Routledge;<\/li>\n<li>1999: &#8220;La formazione professionale a Milano e in Lombardia&#8221;, in A. Riosa (ed.), Proteo a Milano, Milano, Editoriale Il Ponte;<\/li>\n<li>1999: &#8220;Sistemi di relazioni industriali e sfida della globalizzazione: un confronto Italia-Germania&#8221;, in: Studi sul lavoro. Scritti in onore di Gino Giugni, Bari, Cacucci, II.;<\/li>\n<li>1999: &#8220;Comparing Banks in Advanced Economies: the Role of Markets, Technology and Institutions in Employment Relations&#8221;, in: M. Regini, J. Kitay, M. Baethge (eds.), From Tellers to Sellers: Changing Employment Relations in Banks, Cambridge (Mass.), MIT Press;<\/li>\n<li>1999: &#8220;Institutional innovation and market challenges. Changing employment relations in the Italian banking sector&#8221;, in: M. Regini, J. Kitay, M. Baethge (eds.), From Tellers to Sellers: Changing Employment Relations in Banks, Cambridge (Mass.), MIT Press (with S.Carpo, A.Colombo, M.Trentini);<\/li>\n<li>1999: &#8220;Sistemi formativi e regolazione sociale delle risorse umane: un confronto Italia-Germania&#8221;, in G. Della Rocca (ed.), La formazione professionale e la ristrutturazione economica in Italia e Germania, Soveria Mannelli, Rubbettino;<\/li>\n<li>1998: &#8220;Le retour de la concertation sociale en Europe&#8221;, in: J.Comaille e B.Jobert (eds.), Les m\u00e9tamorphoses de la r\u00e9gulation politique, Paris, Droit et Soci\u00e9t\u00e9, L.G.D.J.;<\/li>\n<li>1998: &#8220;Sindacato, istituzioni, sistema politico&#8221;, in: G.P.Cella e T.Treu (eds.), Le nuove relazioni industriali. L\u2019esperienza italiana nella prospettiva europea, Bologna, Il Mulino (with I.Regalia);<\/li>\n<li>1998: &#8220;Italy: The Dual Character of Industrial Relations&#8221;, in: A. Ferner, R. Hyman (eds.), Changing Industrial Relations in Europe, Oxford, Blackwell (with I.Regalia);<\/li>\n<li>1998: &#8220;Europ\u00e4ische Kapitalismen und Globalisierung: Ein Vergleich Deutschland-Italien&#8221;, in: B. Cattero (Hrsg.), Modell Deutschland &#8211; Modell Europa. Probleme, Perspektiven, Opladen, Leske+Budrich;<\/li>\n<li>1997: &#8220;Social Institutions and Production Structure. The Italian Variety of Capitalism in the 1980s&#8221;, in: C. Crouch, W. Streeck (eds.), Political Economy of Modern Capitalism. Mapping Convergence and Diversity, London, Sage;<\/li>\n<li>1997: &#8220;L&#8217;analisi sociologica dei sindacati: aspetti teorici e applicazioni all&#8217;esperienza italiana&#8221;, in: M.Biagioli (ed.), L&#8217;analisi economica delle relazioni industriali, Napoli, Edizioni Scientifiche Italiane (with I.Regalia);<\/li>\n<li>1997: &#8220;Gleiche Anforderungen und unterschiedliche Antworten: Unternehmen, Institutionen und Ausbildung in den europ\u00e4ischen Regionen&#8221;, in: M. Regini, R.Bahnm\u00fcller (eds.), Best Practice oder funktionale \u00c4quivalenz?, M\u00fcnchen, Rainer Hampp Verlag. German translation of &#8220;Le imprese e le istituzioni&#8230;&#8221;, 1996;<\/li>\n<li>1997: &#8220;Bewertung der regionalen Trends und Szenarien: einige Schlu\u00dfbemerkungen&#8221;, in: M. Regini, R.Bahnm\u00fcller (eds.), Best Practice oder funktionale \u00c4quivalenz?, M\u00fcnchen, Rainer Hampp Verlag. German translation of &#8220;Conclusioni&#8221;, 1996;<\/li>\n<li>1996: &#8220;Le imprese e le istituzioni: domanda e produzione sociale di risorse umane nelle regioni europee&#8221;, in: M.Regini (ed.), La formazione delle risorse umane. Una sfida per le &#8216;regioni motore&#8217; d&#8217;Europa, Bologna, Il Mulino;<\/li>\n<li>1996: &#8220;Conclusioni&#8221;, in: M.Regini (ed.), La formazione delle risorse umane. Una sfida per le &#8216;regioni motore&#8217; d&#8217;Europa, Bologna, Il Mulino;<\/li>\n<li>1996: &#8220;Neue Herausforderungen f\u00fcr die europ\u00e4ischen Gewerkschaften&#8221;, in: U. M\u00fcckenberger, E. Schmidt, R. Zoll (eds.), Die Modernisierung der Gewerkschaften in Europa, M\u00fcnster, Westf\u00e4lisches Dampfboot;<\/li>\n<li>1996: &#8220;Sindacato e relazioni industriali&#8221;, in: F.Barbagallo et al. (eds.), Storia dell\u2019Italia repubblicana, vol. III\/1, Torino, Einaudi (with I.Regalia);<\/li>\n<li>1996: &#8220;Lavoro (Sociologia)&#8221;, in: Enciclopedia delle Scienze Sociali, Roma, Istituto dell&#8217;Enciclopedia Italiana Treccani, vol. V;<\/li>\n<li>1996: &#8220;Sociologia economica&#8221;, in M. Barbagli, A. Schizzerotto (eds.), Guida alla laurea in Sociologia, Bologna, Il Mulino;<\/li>\n<li>1996: &#8220;Les diff\u00e9rentes formes de capitalisme en Italie&#8221;, in: C. Crouch, W. Streeck (eds.), Les capitalismes en Europe, Paris, La D\u00e9couverte. French edition of &#8220;Social Institutions&#8230;&#8221;, 1997;<\/li>\n<li>1995: &#8220;Between Voluntarism and Institutionalization: Industrial Relations and Human Resource Practices in Italy&#8221;, in: R.Locke, T.Kochan, M.Piore (eds.), Employment Relations in a Changing World Economy, Cambridge (MA), MIT Press (with I.Regalia);<\/li>\n<li>1995: &#8220;Introduzione&#8221;, in: A.Chiesi, I.Regalia, M.Regini (eds.), Lavoro e relazioni industriali in Europa, Roma, Nuova Italia Scientifica (with A.Chiesi and I.Regalia);<\/li>\n<li>1995: &#8220;L\u2019evoluzione dell\u2019azione sindacale&#8221;, in: A.Chiesi, I.Regalia, M.Regini (eds.), Lavoro e relazioni industriali in Europa, Roma, Nuova Italia Scientifica;<\/li>\n<li>1994: &#8220;Social Contracts&#8221;, in: P. Arestis and M. Sawyer (eds.), The Elgar Companion to Radical Political Economy, Aldershot, Edward Elgar;<\/li>\n<li>1994: &#8220;Las relaciones industriales en la fase de flexibilidad&#8221;, in: J. Echeverria (ed.), Flexibilidad y nuevos modelos productivos, Quito, Editores Unidos Nariz del Diablo. Spanish translation of &#8220;La sfida e le risposte&#8221;, 1988;<\/li>\n<li>1993: &#8220;Introduzione&#8221;, in: Ires Lombardia (ed.), Economia e lavoro nelle regioni forti d&#8217;Europa, Bari, Laterza;<\/li>\n<li>1993: &#8220;Employers&#8217; Reactions to the Productivity Drive: The Search for Labour Consensus&#8221;, in: IIRA (ed.), Economic and Political Changes in Europe: Implications on Industrial Relations, Bari, Cacucci;<\/li>\n<li>1992: &#8220;Il coordinamento nazionale della dinamica retributiva: prassi contrattuali e comportamenti delle parti nei principali paesi europei&#8221;, in: R. Brunetta (ed.), Retribuzione, costo del lavoro, livelli della contrattazione. Relazioni sindacali e politiche dei redditi, Milano, Etas libri;<\/li>\n<li>1992: &#8220;Cause e conseguenze della mobilitazione collettiva 1968-75. Una rilettura in chiave comparata&#8221;, in: M.Antonioli, M.Bergamaschi, L. Ganapini (eds.), Milano operaia dall&#8217;800 a oggi, vol. II, Bari, Laterza;<\/li>\n<li>1992: &#8220;Past and Present of Social Studies of Labour Movements&#8221;, in: M.Regini (ed.), The Future of Labour Movements, London, Sage;<\/li>\n<li>1992: &#8220;Labour Movements&#8221;, in: G. Sz\u00e9ll (ed.), Concise Encyclopaedia of Participation and Co-Management, Berlin, de Gruyter;<\/li>\n<li>1991: &#8220;Sindicatos, instituciones y sistema politico&#8221;, in: G. Cella and T. Treu (eds.), Las relaciones industriales en Italia, Madrid, Ministerio de Trabajo y Seguridad Social (with I.Regalia). Spanish translation of &#8220;Sindacato, istituzioni..&#8221;, 1982;<\/li>\n<li>1990: &#8220;El Declinar del Intercambio Pol\u00edtico Centralizado y la Emergencia de Formas Nuevas de Concertaci\u00f3n&#8221;, in: A. Ojeda Avil\u00e9s (ed.), La Concertaci\u00f3n Social tras la Crisis, Barcelona, Editorial Ariel;<\/li>\n<li>1989: &#8220;Interests and Institutions: Forms of Regulation and Public Policies&#8221;, in: P.Lange and M.Regini (eds.), State, Market and Social Regulation. New Perspectives on Italy, New York, Cambridge University Press (with P.Lange). English translation of &#8220;Gli interessi..&#8221;, 1987;<\/li>\n<li>1989: &#8220;The Italian Case Between Continuity and Change&#8221;, in: P.Lange and M.Regini (eds.), State, Market and Social Regulation. New Perspectives on Italy, New York, Cambridge University Press (with P.Lange). English translation of &#8220;Il caso italiano..&#8221;, 1987;<\/li>\n<li>1989: &#8220;Le condizioni dello scambio politico&#8221;, in: J.Goldthorpe (ed.), Ordine e conflitto nel capitalismo moderno, Bologna, Il Mulino. Italian translation of &#8220;The Conditions..&#8221;, 1984;<\/li>\n<li>1989: &#8220;Le strategie di riaggiustamento industriale in Italia: uno sguardo d&#8217;insieme in chiave comparata&#8221;, in: M.Regini and C.Sabel (eds.), Strategie di riaggiustamento industriale, Bologna, Il Mulino (with C.Sabel);<\/li>\n<li>1989: &#8220;Il ruolo degli assetti istituzionali nella diversificazione dei processi di riaggiustamento industriale&#8221;, in: M.Regini and C.Sabel (eds.), Strategie di riaggiustamento industriale, Bologna, Il Mulino (with C.Sabel);<\/li>\n<li>1989: &#8220;Gli effetti della flessibilit\u00e0 normativa&#8221;, in: F.Carinci (ed.), Stato, regioni, parti sociali e mercato del lavoro, Napoli, Jovene;<\/li>\n<li>1988: &#8220;La sfida e le risposte&#8221;, in: M.Regini (ed.), La sfida della flessibilit\u00e0, Milano, Angeli;<\/li>\n<li>1988: &#8220;Il declino del neo-corporativismo nel nuovo lessico delle relazioni industriali&#8221;, in: G.Vardaro (ed.), Diritto del lavoro e corporativismi in Europa: ieri e oggi, Milano, Angeli;<\/li>\n<li>1988: &#8220;Tipos de huelga&#8221;, in: N.Bobbio, N.Matteucci, G.Pasquino (eds.), Diccionario de politica. Suplemento, Mexico, Siglo XXI. Spanish translation of &#8220;Sciopero&#8221;, 1983;<\/li>\n<li>1987: &#8220;Social Pacts in Italy&#8221;, in: I.Scholten (ed.), Political Stability and Neo-corporatism, London and Beverly Hills, Sage. English translation of &#8220;Relazioni industriali..&#8221;, 1985;<\/li>\n<li>1987: &#8220;Gli interessi e le istituzioni: forme di regolazione sociale e politiche pubbliche&#8221;, in: P.Lange and M.Regini (eds.), Stato e regolazione sociale. Nuove prospettive sul caso italiano, Bologna, Il Mulino (with P.Lange);<\/li>\n<li>1987: &#8220;Il caso italiano fra continuit\u00e0 e mutamento&#8221;, in: P.Lange and M.Regini (eds.), Stato e regolazione sociale. Nuove prospettive sul caso italiano, Bologna, Il Mulino (with P.Lange);<\/li>\n<li>1987: &#8220;I sindacati nel sistema politico e amministrativo&#8221;, in: U.Ascoli and R.Catanzaro (eds.), La societ\u00e0 italiana degli anni ottanta, Bari, Laterza (with I.Regalia);<\/li>\n<li>1987: &#8220;L&#8217;amministrazione e il sindacato nell&#8217;attuazione delle politiche: Introduzione&#8221;, in: ISAP Archivio, Le relazioni fra amministrazione e sindacati, vol. II, Milano, Giuffr\u00e9;<\/li>\n<li>1987: &#8220;Il sindacalismo europeo: continuer\u00e0 l&#8217;anomalia francese?&#8221;, in: M.Aymard et al., Il governo delle sinistre nella Francia degli anni &#8217;80, Milano, Angeli;<\/li>\n<li>1986: &#8220;Introduzione&#8221;, in: G.Esping-Andersen et al., Risposte alla crisi del welfare state: ridurre o trasformare le politiche sociali?, Milano, F.Angeli;<\/li>\n<li>1986: &#8220;Political Bargaining in Western Europe During the Economic Crisis of the 1980s&#8221;, in: O.Jacobi, B.Jessop, H.Kanstendiek, M.Regini (eds.), Economic Crisis, Trade Unions and the State, London, Croom Helm. English translation of &#8220;Sindacati e contrattazione..&#8221;, 1984;<\/li>\n<li>1986: &#8220;Das Neue Lexicon Industrieller Beziehungen: Flexibilit\u00e4t, Mikrokorporatismus, Dualismus. Herausforderungen und Perspektiven f\u00fcr die WestEurop\u00e4ischen Gewerkschaften&#8221;, in: R.Erd, O.Jacobi, W.Schumm (eds.), Strukturwandel in der Industriegesellschaft, Frankfurt\/New York, Campus Verlag;<\/li>\n<li>1985: &#8220;Relazioni industriali e sistema politico: l&#8217;evoluzione recente e le prospettive degli anni &#8217;80&#8221;, in: M.Carrieri and P.Perulli (eds.), Il teorema sindacale, Bologna, Il Mulino; also in: A.Accornero et al., Il futuro del sindacato, Roma, Ediesse;<\/li>\n<li>1985: &#8220;Tipi di razionalit\u00e0 nell&#8217;azione conflittuale. Il ruolo delle relazioni industriali in azienda&#8221;, in: G.Cella and M.Regini (eds.), Il conflitto industriale in Italia, Bologna, Il Mulino (with S.Draghi);<\/li>\n<li>1984: &#8220;The Conditions for Political Exchange. How Concertation Emerged and Collapsed in Italy and Great Britain&#8221;, in: J.Goldthorpe (ed.), Order and Conflict in Contemporary Capitalism, Oxford, Oxford University Press;<\/li>\n<li>1984: &#8220;Dilemmi, interessi, risorse. Per un&#8217;analisi della strategia dell&#8217;organizzazione sindacale&#8221;, in: D.De Masi and A.Signorelli (eds.), Sociologia del lavoro e della organizzazione, Milano, F.Angeli;<\/li>\n<li>1984: &#8220;Le tendenze neo-corporative nell&#8217;Italia degli anni settanta&#8221;, in: G.Lehmbruch and P.Schmitter (eds.), La politica degli interessi nei paesi industrializzati, Bologna, Il Mulino. Italian translation of &#8220;Changing Relationships..&#8221;, 1982;<\/li>\n<li>1984: &#8220;Sindacati e sistema politico. Un bilancio critico dei contributi italiani nell&#8217;ultimo decennio&#8221;, in: A. Arculeo et al., La scienza politica in Italia: materiali per un bilancio, Milano, F.Angeli;<\/li>\n<li>1984: &#8220;Sindacati e contrattazione politica nella recessione&#8221;, in: M.Cammelli (ed.), Le istituzioni nella recessione, Bologna, Il Mulino;<\/li>\n<li>1983: &#8220;I dilemmi del sindacato di fronte alla crisi&#8221;, in: P.Perulli and B.Trentin (eds.), Il sindacato nella recessione, Bari, De Donato;<\/li>\n<li>1983: &#8220;The Crisis of Representation in Class-Oriented Unions&#8221;, in: S.Clegg et al. (eds.), The State, Class and the Recession, London, Croom Helm. English translation of &#8220;La crisi..&#8221;, 1981;<\/li>\n<li>1983: &#8220;Sciopero&#8221;, in: N.Bobbio, N.Matteucci, G.Pasquino (eds.), Dizionario di Politica, Torino, UTET;<\/li>\n<li>1983: &#8220;Sindacalismo&#8221;, in: N.Bobbio, N.Matteucci, G.Pasquino (eds.), Dizionario di Politica, Torino, UTET;<\/li>\n<li>1983: &#8220;Neo-corporativismo&#8221;, in: N.Bobbio, N.Matteucci, G.Pasquino (eds.), Dizionario di Politica, Torino, UTET;<\/li>\n<li>1982: &#8220;Changing Relationships Between Labour and the State in Italy: Toward a Neo-Corporatist System?&#8221;, in: G.Lehmbruch and P.Schmitter (eds.), Patterns of Corporatist Policy-Making, London and Beverly Hills, Sage;<\/li>\n<li>1982: &#8220;Sindacato e sistema politico&#8221;, in: CESOS (ed.), Le relazioni sindacali in Italia, Rapporto 1981, Roma, Ed.Lavoro;<\/li>\n<li>1982: &#8220;Le ipotesi della ricerca su &#8216;La struttura del conflitto sindacale in Italia&#8217; nel quadro delle teorie su conflitti e relazioni industriali&#8221;, in: G.Colasanti and L.Perrone (eds.), Scioperi e movimenti collettivi, Roma, Casa del libro;<\/li>\n<li>1981: &#8220;La partecipazione dei sindacati europei alla formazione delle politiche economiche&#8221;, in: P.Montalenti (ed.), Operai ed Europa. La partecipazione dei lavoratori alla gestione dell&#8217;impresa, Milano, F.Angeli;<\/li>\n<li>1981: &#8220;La crisi di rappresentanza dei sindacati di classe&#8221;, in: S.Belligni (ed.), Governare la democrazia, Milano, F.Angeli;<\/li>\n<li>1981: &#8220;Tipi di conflittualit\u00e0 operaia e loro funzioni nella strategia sindacale&#8221;, in: Fondazione Brodolini (ed.), Lo Statuto dei lavoratori dieci anni dopo, Venezia, Marsilio;<\/li>\n<li>1980: &#8220;Trade Union Strategies and Social Policy in Italy and Sweden&#8221;, in: J.Hayward (ed.), Trade Unions and Politics in Western Europe, London, F.Cass (with G.Esping Andersen);<\/li>\n<li>1978: &#8220;Come e perch\u00e9 cambiano la logica dell&#8217;organizzazione sindacale e i comportamenti della base&#8221;, in: A.Pizzorno et al., Lotte operaie e sindacato: il ciclo 1968-1972 in Italia, Bologna, Il Mulino;<\/li>\n<li>1978: &#8220;Considerazioni generali sui vincoli posti dalla forza lavoro occupata alla sua utilizzazione in azienda&#8221;, in: P.Alessandrini (ed.), Conflittualit\u00e0 e aspetti normativi del lavoro, Bologna, Il Mulino (with M.Benetti);<\/li>\n<li>1978: &#8220;Confronti temporali e spaziali sui conflitti di lavoro&#8221;, in: P.Alessandrini (ed.), Conflittualit\u00e0 e aspetti normativi del lavoro, Bologna, Il Mulino (with M.Benetti);<\/li>\n<li>1978: &#8220;Labour Conflicts and Industrial Relations in Italy&#8221;, in: C.Crouch and A.Pizzorno (eds.), The Resurgence of Class Conflict in Western Europe Since 1968, vol.1, London, Macmillan (with I.Regalia and E.Reyneri). English translation of &#8220;Conflitti di lavoro..&#8221;, 1977;<\/li>\n<li>1977: &#8220;Conflitti di lavoro e relazioni industriali in Italia, 1968- 1975&#8221;, in: C.Crouch and A.Pizzorno (eds.), Conflitti in Europa, Milano, Etas (with I.Regalia and E.Reyneri);<\/li>\n<li>1975: &#8220;G.T.E.&#8221;, in: A.Pizzorno (ed.), Lotte operaie e sindacato in Italia (1968-1972), vol.IV, Bologna, Il Mulino;<\/li>\n<li>1974: &#8220;Sindacalismo&#8221;, in: N.Bobbio and N.Matteucci (eds.), Dizionario di Politica, Torino, UTET;<\/li>\n<li>1974: &#8220;Candy&#8221;, in: A.Pizzorno (ed.), Lotte operaie e sindacato in Italia (1968-1972), vol.II, Bologna, Il Mulino,<\/li>\n<li>1972: &#8220;Introduzione&#8221; in: S.Lipset et al., Democrazia sindacale, Milano, Etas Kompass (with E.Reyneri).<\/li>\n<\/ul>\n<p><\/p>","protected":false},"excerpt":{"rendered":"<p>(forthcoming) &#8220;Trade Unions&#8221; in: E. Jones, G. Pasquino (eds.), The Oxford Handbook of Italian Politics, Oxford University Press 2015 &#8220;Dalla scuola di \u00e9lite all&#8217;universit\u00e0 di massa&#8221;, in M. Dogliani, S. Scamuzzi (eds.), L&#8217;Italia dopo il 1961. La grande trasformazione, Bologna, Il Mulino 2015 &#8220;Introduzione. Le norme e le prassi&#8221;, in G. Capano e M. Regini&hellip; <\/p>\n<p class=\"toivo-read-more\"><a href=\"http:\/\/www.marinoregini.it\/it\/saggi\/\" class=\"more-link\">Read more <span class=\"screen-reader-text\">Saggi<\/span><\/a><\/p>\n","protected":false},"author":1,"featured_media":0,"parent":0,"menu_order":0,"comment_status":"closed","ping_status":"closed","template":"","meta":{"footnotes":""},"_links":{"self":[{"href":"http:\/\/www.marinoregini.it\/it\/wp-json\/wp\/v2\/pages\/54"}],"collection":[{"href":"http:\/\/www.marinoregini.it\/it\/wp-json\/wp\/v2\/pages"}],"about":[{"href":"http:\/\/www.marinoregini.it\/it\/wp-json\/wp\/v2\/types\/page"}],"author":[{"embeddable":true,"href":"http:\/\/www.marinoregini.it\/it\/wp-json\/wp\/v2\/users\/1"}],"replies":[{"embeddable":true,"href":"http:\/\/www.marinoregini.it\/it\/wp-json\/wp\/v2\/comments?post=54"}],"version-history":[{"count":2,"href":"http:\/\/www.marinoregini.it\/it\/wp-json\/wp\/v2\/pages\/54\/revisions"}],"predecessor-version":[{"id":150,"href":"http:\/\/www.marinoregini.it\/it\/wp-json\/wp\/v2\/pages\/54\/revisions\/150"}],"wp:attachment":[{"href":"http:\/\/www.marinoregini.it\/it\/wp-json\/wp\/v2\/media?parent=54"}],"curies":[{"name":"wp","href":"https:\/\/api.w.org\/{rel}","templated":true}]}}