{"id":52,"date":"2016-06-23T11:05:56","date_gmt":"2016-06-23T09:05:56","guid":{"rendered":"http:\/\/www.marinoregini.it\/?page_id=52"},"modified":"2020-04-23T12:49:14","modified_gmt":"2020-04-23T10:49:14","slug":"articoli","status":"publish","type":"page","link":"http:\/\/www.marinoregini.it\/en\/articoli\/","title":{"rendered":"Journal articles"},"content":{"rendered":"<p><\/p>\n<ul>\n<li>in preparation: \u201cLabour Market Reform and the Unions\u201d, <em>South European Society and Politics, <\/em>special issue (with I. Regalia)<\/li>\n<li>forthcoming: \u201cProcesses and Stages of Differentiation in European Higher Education\u201d, <em>Higher Education Quarterly <\/em>(with V. Goglio)<\/li>\n<li>2017 \u201cChi e come governa l\u2019universit\u00e0? I mutamenti in Italia in una prospettiva comparata\u201d, <em>Etica e economia<\/em>, no. 59<\/li>\n<li>2016 \u201cLa valutazione della ricerca nelle scienze sociali, economiche e giuridiche. Presentazione\u201d, <em>Politeia<\/em>, XXXII, no. 123<\/li>\n<li>2016 \u201cCapitalismo mediterraneo: la strada stretta fra economie forti dell\u2019Eurozona ed economie deregolate\u201d, <em>Sociologia del Lavoro<\/em>, no. 143<\/li>\n<li>2016 \u201cTerritorial differences in the Italian \u2018social model\u2019\u201d, <em>Regional Studies, <\/em>vol. 50 no. 1 (with S. Colombo \u2013 published online 21.2.2014)<\/li>\n<li>2015 &#8220;Conseguenze non previste delle riforme: i mutamenti della governance universitaria in Europa&#8221;, Stato e Mercato, no. 104<\/li>\n<li>2015 &#8220;Oltre i luoghi comuni: assetti di governo e processi decisionali nelle universit\u00e0 europee&#8221;, Scuola Democratica, no. 1<\/li>\n<li>2015 &#8220;I mutamenti della governance universitaria in Europa: una ricerca sugli effetti delle riforme&#8221;, Scuola Democratica, no. 1<\/li>\n<li>2014 &#8220;Territorial differences in the Italian \u2018social model'&#8221;, Regional Studies (with S. Colombo)<\/li>\n<li>2014 &#8220;Governance Reforms and Organizational Dilemmas in European Universities&#8221;, Comparative Education Review, vol. 58 no. 1 (with G. Capano)<\/li>\n<li>2014 &#8220;Models of capitalism and the crisis&#8221;, Stato e Mercato, no. 100<\/li>\n<li>2014 &#8220;La crisi del capitalismo: solo un fallimento del mercato o anche fallimento dello stato?&#8221;, Quaderni di Rassegna Sindacale, no. 3<\/li>\n<li>2014 &#8220;Review Symposium on R. Locke&#8217;s The Promise and Limits of Private Power&#8221;, Socio-Economic Review, 12, 1<\/li>\n<li>2014 &#8220;Come complicare il funzionamento dell&#8217;universit\u00e0 credendo di semplificarlo&#8221;, Lavoce.info, 23 giugno<\/li>\n<li>2013 &#8220;Coping with the crisis in Italy: Employment relations and social dialogue amidst recession&#8221;, ILO Working Papers n. 50, September (con R. Pedersini)<\/li>\n<li>2012 &#8220;Review Symposium on P. Brown, H. Lauder and D. Ashton&#8217;s The Global Auction: The Broken Promises of Education, Jobs, and Incomes&#8221;, Socio-Economic Review, vol. 10 n. 4<\/li>\n<li>2012 &#8220;Tre fasi, due modelli e una crisi generalizzata&#8221;, Stato e Mercato, n. 94<\/li>\n<li>2012 &#8220;Sulla riforma Gelmini&#8221;, Il Mulino, n. 1<\/li>\n<li>2011 &#8220;Universit\u00e0: la riforma che non \u00e8 stata fatta&#8221;, Scuola Democratica, n. 3<\/li>\n<li>2011 &#8220;Guerra di numeri e guerra di idee&#8221;, Scuola Democratica, n. 2<\/li>\n<li>2010 &#8220;L&#8217;universit\u00e0 della conservazione&#8221;, La Voce-Info, 3 dicembre (<a href=\"http:\/\/www.lavoce.info\/articoli\/-scuola_universita\/pagina1002038.html\">http:\/\/www.lavoce.info\/articoli\/-scuola_universita\/pagina1002038.html<\/a>)<\/li>\n<li>2010 &#8220;Alcune note sul progetto Gelmini di riforma dell&#8217;universit\u00e0&#8221;, Scienzainrete, 4 maggio <a href=\"http:\/\/www.lascienzainrete.it\/node\/2498\">(www.lascienzainrete.it\/node\/2498<\/a>)<\/li>\n<li>2010 &#8220;The increasing individualization of work and labour&#8221;, Socio-Economic Review, vol. 8, n. 2<\/li>\n<li>2010 &#8220;Progettare l&#8217;universit\u00e0 in prospettiva europea&#8221;, Paradoxa, n. 1<\/li>\n<li>2009 &#8220;Quanti \u2018modelli sociali&#8217; coesistono in Italia?&#8221;, Stato e Mercato, n. 86 (con S. Colombo)<\/li>\n<li>2009 &#8220;L&#8217;uditorio dei sociologi (economici) oltre i sociologi&#8221;, Sociologia del lavoro, n. 114<\/li>\n<li>2009 &#8220;Italia ed Europa. E&#8217; tempo di un confronto serio&#8221;, Universitas, n. 111<\/li>\n<li>2009 &#8220;Italy: the uneasy co-existence of different social models&#8221;, Harvard University Center for European Studies Working Papers Series, n. 169 (con S. Colombo) (<a href=\"http:\/\/www.ces.fas.harvard.edu\/publications\/ces_papers.html%29\">http:\/\/www.ces.fas.harvard.edu\/publications\/ces_papers.html)<\/a><\/li>\n<li>2008 &#8220;E sull&#8217;universit\u00e0 dati contro pregiudizi&#8221;, La Voce-Info, 22 dicembre (<a href=\"http:\/\/www.lavoce.info\/articoli\/-scuola_universita\/pagina1000822.html\">http:\/\/www.lavoce.info\/articoli\/-scuola_universita\/pagina1000822.html<\/a>)<\/li>\n<li>2008 &#8220;Il futuro dei sindacati nel mondo globalizzato&#8221;, Nuvole, n. 34 (<a href=\"http:\/\/www.nuvole.it\/home_arretrati\/nuvole_34_index.htm%29\">http:\/\/www.nuvole.it\/home_arretrati\/nuvole_34_index.htm)<\/a><\/li>\n<li>2008\u00a0&#8220;Convergent perspectives in economic sociology: an Italian view of contemporary developments in Western Europe and North America&#8221;, Socio-Economic Review, vol. 6 n. 2 (con G. Ballarino)<\/li>\n<li>2007 &#8220;Il difficile rapporto fra universit\u00e0 e imprese&#8221;, Impresa &amp; Stato, n. 80<\/li>\n<li>2006 &#8220;Del neocorporativismo a las variedades de capitalismo&#8221;, Desarrollo Economico, vol. 45 n. 180<\/li>\n<li>2006 &#8220;Concertare le riforme: note introduttive&#8221;, Quaderni di Rassegna sindacale, n. 1<\/li>\n<li>2006: &#8220;Che cosa induce gli attori collettivi ad accordarsi su soluzioni &#8220;second-best&#8221;? Interessi, istituzioni, processi cognitivi, azioni simboliche&#8221;, Sociologia del lavoro, n. 100<\/li>\n<li>2004: &#8220;Profili professionali elevati per la nuova economia&#8221;, Impresa &amp; Stato, n. 66 (con G. Ballarino)<\/li>\n<li>2003: &#8220;Work and Labor in Global Economies: The Case of Western Europe&#8221;, Socio-Economic Review, no.2<\/li>\n<li>2003: &#8220;I mutamenti nella regolazione del lavoro e il resistibile declino dei sindacati europei&#8221;, Stato e Mercato, no.67<\/li>\n<li>2003: &#8220;I sindacati europei fra logica dell&#8217;influenza e logica della rappresentanza&#8221;, Quaderni di Rassegna sindacale, n. 4<\/li>\n<li>2003: &#8220;Tripartite concertation and varieties of capitalism&#8221;, European Journal of Industrial Relations, vol. 9, n. 3. Traduzione inglese di &#8220;La regolazione concertata..&#8221;, 2002<\/li>\n<li>2002: &#8220;La regolazione concertata dell&#8217;economia a livello macro&#8221;, Sociologia del Lavoro, no.88<\/li>\n<li>2002: &#8220;Modelli di capitalismo: una nuova agenda di ricerca sulla regolazione concertata dell&#8217;economia&#8221;, Quaderni di Rassegna Sindacale, no. 3<\/li>\n<li>2001: &#8220;I dilemmi del sindacato del 2000: pi\u00f9 rappresentanza per avere influenza o viceversa?&#8221;, Quaderni di Rassegna Sindacale, no. 4;<\/li>\n<li>2001: &#8220;I patti sociali nel Rapporto della Commissione Europea sulle relazioni industriali in Europa&#8221;, Diritto delle Relazioni Industriali, no. 4;<\/li>\n<li>2000: &#8220;Between De-Regulation and Social Pacts. The Responses of European Economies to Globalization&#8221;, Politics &amp; Society, vol. 28 no. 1. Gi\u00e0 apparso in Instituto Juan March Working Papers, March 1999, n. 133;<\/li>\n<li>2000: &#8220;Mercato del lavoro e politiche sociali in Europa: quali priorit\u00e0?&#8221;, Il diritto del mercato del lavoro, no. 1;<\/li>\n<li>1999: &#8220;L\u2019Europa fra deregolazione e patti sociali&#8221;, Stato e Mercato, no. 55;<\/li>\n<li>1998: &#8220;Flessibilit\u00e0, deregolazione e politiche per il lavoro&#8221;, Il Mulino, no. 4;<\/li>\n<li>1997: &#8220;Different responses to common demands. Firms, institutions and training in Europe&#8221;, European Sociological Review, vol. 13, no. 3;<\/li>\n<li>1997: &#8220;Still engaging in corporatism? Recent Italian experience in comparative perspective&#8221;, European Journal of Industrial Relations, vol. 3, no. 3. Traduzione inglese di \u00abLe implicazioni teoriche&#8230;\u00bb, 1996;<\/li>\n<li>1997: &#8220;Still engaging in corporatism? Einige Lehren aus j\u00fcngsten italienischen Erfahrungen mit der Kontertierung&#8221; , Politische Vierteljahresschrift, 38, 2. Traduzione tedesca di \u00abLe implicazioni teoriche&#8230;\u00bb, 1996;<\/li>\n<li>1997: &#8220;Employers, Unions and the State. The Resurgence of Concertation in Italy?&#8221;, West European Politics, 20, 1 (con I.Regalia);<\/li>\n<li>1997: &#8220;Il lavoro\/La necessaria flessibilit\u00e0 del terziario&#8221;, Equilibri, n. 1 (con C.Dell\u2019Aringa, R.Delvecchio, M.Salvati);<\/li>\n<li>1996: &#8220;Le implicazioni teoriche della concertazione italiana&#8221;, Giornale di Diritto del lavoro e di relazioni industriali, no. 72;<\/li>\n<li>1996: &#8220;E\u2019 davvero in crisi la sociologia economica?&#8221;, Sociologia del Lavoro, no. 61;<\/li>\n<li>1996: &#8220;Entre la micro y la macrorregulacion: la produccion de bienes colectivos en las economias europeas&#8221;, Desarrollo Econ\u00f3mico, vol. 36 no. 142. Traduzione spagnola di \u00abFra macro e micro regolazione&#8230;\u00bb, 1994;<\/li>\n<li>1996: &#8220;C\u2019\u00e8 un\u2019unica risposta alla sfida della globalizzazione?&#8221;, Stato e Mercato, no. 46;<\/li>\n<li>1995: &#8220;Firms and Institutions: the Demand for Skills and their Social Production in Europe&#8221;, European Journal of Industrial Relations, no. 2. Traduzione inglese di \u00abDomanda di&#8230;\u00bb, 1994;<\/li>\n<li>1995: &#8220;Demande en ressources humaines et institutions de formation dans quelques r\u00e9gions europ\u00e9ennes&#8221;, Sociologie du Travail, no. 4. Traduzione francese di \u00abDomanda di&#8230;\u00bb, 1994;<\/li>\n<li>1995: &#8220;La variet\u00e0 italiana di capitalismo. Istituzioni sociali e struttura produttiva negli anni \u201880&#8221;, Stato e Mercato, no. 43. Anche in: C.Crouch, W.Streeck (eds.), Tipi di capitalismo, Napoli, Liguori;<\/li>\n<li>1995: &#8220;Italian trade unionism in the 1990s in the European context&#8221;, Transfer, no. 2;<\/li>\n<li>1994-1995: &#8220;La regolazione del lavoro in Italia fra volontarismo e istituzionalizzazione&#8221;, Quaderni di Sociologia, no. 8 (con I.Regalia);<\/li>\n<li>1994: &#8220;Fra macro e micro regolazione: la produzione di beni collettivi nelle economie europee&#8221;, Stato e Mercato, no. 41;<\/li>\n<li>1994: &#8220;Strategie manageriali e risorse umane in Europa&#8221;, Il Mulino, no. 6;<\/li>\n<li>1994: &#8220;Presentazione&#8221;, Sociologia del lavoro, n. 53<\/li>\n<li>1994: &#8220;Domanda di risorse umane e istituzioni formative&#8221;, Impresa e Stato, no. 28;<\/li>\n<li>1993: &#8220;Le conseguenze economiche e sociali della nuova Europa&#8221;, Sociologia del lavoro, no. 47-48;<\/li>\n<li>1993: &#8220;Human resource management and industrial relations in European companies&#8221;, International Journal of Human Resource Management, no. 4, 3. Anche in: J.Niland, C.Verevis, R.Lansbury (eds.), The Future of Industrial Relations, London, Sage, 1994;<\/li>\n<li>1993: &#8220;Produzione di qualit\u00e0 e ruolo delle istituzioni: esiste un modello europeo di competitivit\u00e0?&#8221;, Diritto delle relazioni industriali, no. 2;<\/li>\n<li>1992: &#8220;Employers&#8217; Reactions to the Productivity Drive: The Search for Labour Consensus&#8221;, Labour, no. 2. Traduzione inglese di &#8220;Quando il management..&#8221;, 1991;<\/li>\n<li>1992: &#8220;Los empresarios frente al problema del consenso&#8221;, Sociologia del Trabajo, no. 16. Traduzione spagnola di &#8220;Quando il management..&#8221;, 1991;<\/li>\n<li>1992: &#8220;Las politicas de regulacion salarial en Europa&#8221;, Debate Laboral, no. 10, 1. Traduzione spagnola di &#8220;Le politiche..&#8221;, 1991;<\/li>\n<li>1991: &#8220;Il sindacato europeo fra conflitto, scambio politico e partecipazione&#8221;, Il Mulino, no. 334;<\/li>\n<li>1991: &#8220;Quando il management cerca il consenso&#8221;, Sociologia del Lavoro, no. 41-42;<\/li>\n<li>1991: &#8220;Capitale e lavoro: nuove frontiere della collaborazione&#8221;, MicroMega, no. 4;<\/li>\n<li>1991: &#8220;Le politiche nazionali di regolazione salariale in Europa&#8221;, Giornale di Diritto del lavoro e di relazioni industriali, no. 50;<\/li>\n<li>1990: &#8220;Twenty years after the &#8220;hot autumn&#8221;: work and politics in Italy from rupture to change&#8221;, Labour, vol. 4 no. 1 (con P.Lange);<\/li>\n<li>1989: &#8220;Dallo scambio politico centralizzato alla micro- concertazione&#8221;, Politica ed Economia, no. 12;<\/li>\n<li>1989: &#8220;Los procesos de restructuraci\u00f3n industrial en la Italia de los a\u00f1os 80&#8221;, Sociolog\u00eda del Trabajo, no. 6. Traduzione spagnola di &#8220;Le strategie..&#8221;, 1988;<\/li>\n<li>1988: &#8220;Le prospettive delle relazioni industriali in azienda&#8221;, Giornale di Diritto del lavoro e di relazioni industriali, no. 37;<\/li>\n<li>1988: &#8220;Le strategie di riaggiustamento industriale in Italia: il ruolo degli assetti istituzionali&#8221;, Stato e mercato, no. 24 (con C.Sabel);<\/li>\n<li>1988: &#8220;Il problema \u00e8 affrontare le cause della conflittualit\u00e0&#8221;, Prospettiva Sindacale, no. 68 (con M.Carrieri);<\/li>\n<li>1987: &#8220;Le relazioni industriali nella fase della flessibilit\u00e0&#8221;, Politica ed Economia, no. 1;<\/li>\n<li>1987: &#8220;Regolazione sociale e politiche pubbliche: schemi analitici per lo studio del caso italiano&#8221;, Stato e Mercato, no. 19 (con P.Lange);<\/li>\n<li>1987: &#8220;L&#8217;attuazione delle politiche pubbliche&#8221;, Amministrare, no. 2;<\/li>\n<li>1987: &#8220;Tendenze recenti delle relazioni industriali di impresa. Alcuni spunti interpretativi&#8221;, Industria e Sindacato, no. 40;<\/li>\n<li>1987: &#8220;Las relaciones industriales en la fase de la flexibilidad&#8221;, Alfoz, no. 36\/37. Traduzione spagnola di &#8220;Le relazioni industriali..&#8221;, 1987. Anche in Nariz del Diablo, 1990, n. 15;<\/li>\n<li>1987: &#8220;Industrial Relations in the Phase of Flexibility&#8221;, International Journal of Political Economy, vol. 17 no. 3, special issue on &#8220;European Labor in the 1980s&#8221; edited by P.Hall. English translation of &#8220;Le relazioni industriali..&#8221;, 1987;<\/li>\n<li>1985: &#8220;Un referendum figlio di un accordo sbagliato&#8221;, Prospettiva sindacale, no. 56;<\/li>\n<li>1985: &#8220;Un nuovo punto di equilibrio tra pubblico e privato&#8221;, Democrazia e diritto, no. 5;<\/li>\n<li>1984: &#8220;I tentativi italiani di patto sociale a cavallo degli anni &#8217;80&#8221;, Il Mulino, no. 2;<\/li>\n<li>1984: &#8220;Der italienische Weg zu einem Sozialvertrag w\u00e4hrend der 80er Jahre&#8221;, Prokla, no. 54. Traduzione tedesca di &#8220;I tentativi..&#8221;, 1984;<\/li>\n<li>1984: &#8220;Accordo politico e concertazione sindacale nella crisi degli anni ottanta&#8221;, Democrazia e diritto, no. 3;<\/li>\n<li>1983: &#8220;I vincoli allo scambio politico&#8221;, Prospettiva sindacale, no. 47;<\/li>\n<li>1983: &#8220;Un bilancio critico dei modelli neo-corporatisti&#8221;, Industria e Sindacato, no. 20;<\/li>\n<li>1983: &#8220;Le condizioni dello scambio politico. Nascita e declino della concertazione in Italia e Gran Bretagna&#8221;, Stato e mercato, no. 9;<\/li>\n<li>1982: &#8220;Gewerkschaftliche Klassenpolitik und die Repr\u00e4sentations- krise der Arbeitnehmerorganisation&#8221;, Leviathan, no. 3. Traduzione tedesca di &#8220;La crisi di rappresentanza..&#8221;, 1981;<\/li>\n<li>1982: &#8220;Sindacati e governi in Italia: che cosa cambia negli anni &#8217;80?&#8221;, Problemi del socialismo, no. 24-25;<\/li>\n<li>1982: &#8220;Le organizzazioni degli interessi fra rappresentanza e stato&#8221;, Stato e mercato, no. 5;<\/li>\n<li>1981: &#8220;La crisis de representatividad de los sindicatos de clase&#8221;, Sociolog\u00eca del trabajo, no. 6. Traduzione spagnola di &#8220;La crisi di rappresentanza..&#8221;, 1981;<\/li>\n<li>1981: &#8220;La politica delle pensioni in Italia: il ruolo del movimento sindacale&#8221;, Giornale di Diritto del lavoro e di relazioni industriali, no. 10 (con G.Regonini);<\/li>\n<li>1981: &#8220;Sindacati e stato nell&#8217;Europa occidentale&#8221;, Democrazia e Diritto, no. 5;<\/li>\n<li>1980: &#8220;Sindacati, relazioni industriali, sistema politico negli anni &#8217;70&#8221;, Prospettiva Sindacale, no. 35. Traduzione italiana di &#8220;Labour Unions..&#8221;, 1979;<\/li>\n<li>1980: &#8220;La conflittualit\u00e0 e gli scioperi&#8221;, Quaderni di Rassegna Sindacale, no. 84-85;<\/li>\n<li>1979: &#8220;Stato e sindacati nel sistema economico&#8221;, Giornale di Diritto del lavoro e di relazioni industriali, no. 1. Anche come &#8220;Tendenze neo-corporative in Italia?&#8221;, Quaderni della Fondazione Feltrinelli, no. 1;<\/li>\n<li>1979: &#8220;Labour Unions, Industrial Action and Politics&#8221;, West European Politics, vol.2 no.3, special issue on &#8220;Italy in Transition&#8221; edited by P.Lange and S.Tarrow;<\/li>\n<li>1979: &#8220;Sindikati, ekonomska borba i politika&#8221;, Revija za sociologiju, no. 3-4. Traduzione serbo-croata di &#8220;Labour Unions..&#8221;, 1979;<\/li>\n<li>1976: &#8220;Il sindacato in fabbrica dopo l&#8217;autunno caldo&#8221;, Quaderni di Rassegna sindacale, no. 59-60;<\/li>\n<li>1976: &#8220;Mercato del lavoro e occupazione nella societ\u00e0 americana&#8221;, Inchiesta, no. 23.<\/li>\n<\/ul>\n<p><\/p>","protected":false},"excerpt":{"rendered":"<p>in preparation: \u201cLabour Market Reform and the Unions\u201d, South European Society and Politics, special issue (with I. Regalia) forthcoming: \u201cProcesses and Stages of Differentiation in European Higher Education\u201d, Higher Education Quarterly (with V. Goglio) 2017 \u201cChi e come governa l\u2019universit\u00e0? I mutamenti in Italia in una prospettiva comparata\u201d, Etica e economia, no. 59 2016 \u201cLa&hellip; <\/p>\n<p class=\"toivo-read-more\"><a href=\"http:\/\/www.marinoregini.it\/en\/articoli\/\" class=\"more-link\">Read more <span class=\"screen-reader-text\">Journal articles<\/span><\/a><\/p>\n","protected":false},"author":1,"featured_media":0,"parent":0,"menu_order":0,"comment_status":"closed","ping_status":"closed","template":"","meta":{"footnotes":""},"_links":{"self":[{"href":"http:\/\/www.marinoregini.it\/en\/wp-json\/wp\/v2\/pages\/52"}],"collection":[{"href":"http:\/\/www.marinoregini.it\/en\/wp-json\/wp\/v2\/pages"}],"about":[{"href":"http:\/\/www.marinoregini.it\/en\/wp-json\/wp\/v2\/types\/page"}],"author":[{"embeddable":true,"href":"http:\/\/www.marinoregini.it\/en\/wp-json\/wp\/v2\/users\/1"}],"replies":[{"embeddable":true,"href":"http:\/\/www.marinoregini.it\/en\/wp-json\/wp\/v2\/comments?post=52"}],"version-history":[{"count":6,"href":"http:\/\/www.marinoregini.it\/en\/wp-json\/wp\/v2\/pages\/52\/revisions"}],"predecessor-version":[{"id":187,"href":"http:\/\/www.marinoregini.it\/en\/wp-json\/wp\/v2\/pages\/52\/revisions\/187"}],"wp:attachment":[{"href":"http:\/\/www.marinoregini.it\/en\/wp-json\/wp\/v2\/media?parent=52"}],"curies":[{"name":"wp","href":"https:\/\/api.w.org\/{rel}","templated":true}]}}